{"id":1035,"date":"2018-04-16T14:48:13","date_gmt":"2018-04-16T12:48:13","guid":{"rendered":"http:\/\/www.sc-hoehenrain.de\/go2\/?page_id=1035"},"modified":"2018-04-16T14:59:38","modified_gmt":"2018-04-16T12:59:38","slug":"schiedsrichter","status":"publish","type":"page","link":"http:\/\/www.sc-hoehenrain.de\/go2\/?page_id=1035","title":{"rendered":"Schiedsrichter"},"content":{"rendered":"<table border=\"0\" width=\"568\">\n<tbody>\n<tr>\n<td>\n<table border=\"0\" width=\"574\">\n<tbody>\n<tr>\n<td><strong>Schiedsrichter<\/strong><\/td>\n<td><strong>Mika M\u00fcller<\/strong><\/td>\n<td><\/td>\n<\/tr>\n<tr>\n<td>\n<p style=\"text-align: center;\"><img loading=\"lazy\" decoding=\"async\" src=\"http:\/\/www.sc-hoehenrain.de\/go2\/wp-content\/uploads\/passfotos\/muellerm.jpg\" alt=\"muellerm.jpg\" width=\"100\" height=\"135\" \/><\/p>\n<\/td>\n<td>Gro\u00dfh\u00f6henrain<\/td>\n<td>M: +49 (0)170 5033595<br \/>\n<a href=\"mailto:mika@the-m.de\">E-Mail<\/a><\/td>\n<\/tr>\n<tr>\n<td><\/td>\n<td><\/td>\n<td><\/td>\n<\/tr>\n<\/tbody>\n<\/table>\n<p>&nbsp;<\/p>\n<p>&nbsp;<\/td>\n<\/tr>\n<\/tbody>\n<\/table>\n","protected":false},"excerpt":{"rendered":"<p>Schiedsrichter Mika M\u00fcller Gro\u00dfh\u00f6henrain M: +49 (0)170 5033595 E-Mail &nbsp; &nbsp;<\/p>\n","protected":false},"author":1,"featured_media":0,"parent":59,"menu_order":0,"comment_status":"closed","ping_status":"closed","template":"","meta":{"footnotes":""},"class_list":["post-1035","page","type-page","status-publish","hentry"],"_links":{"self":[{"href":"http:\/\/www.sc-hoehenrain.de\/go2\/index.php?rest_route=\/wp\/v2\/pages\/1035","targetHints":{"allow":["GET"]}}],"collection":[{"href":"http:\/\/www.sc-hoehenrain.de\/go2\/index.php?rest_route=\/wp\/v2\/pages"}],"about":[{"href":"http:\/\/www.sc-hoehenrain.de\/go2\/index.php?rest_route=\/wp\/v2\/types\/page"}],"author":[{"embeddable":true,"href":"http:\/\/www.sc-hoehenrain.de\/go2\/index.php?rest_route=\/wp\/v2\/users\/1"}],"replies":[{"embeddable":true,"href":"http:\/\/www.sc-hoehenrain.de\/go2\/index.php?rest_route=%2Fwp%2Fv2%2Fcomments&post=1035"}],"version-history":[{"count":4,"href":"http:\/\/www.sc-hoehenrain.de\/go2\/index.php?rest_route=\/wp\/v2\/pages\/1035\/revisions"}],"predecessor-version":[{"id":1040,"href":"http:\/\/www.sc-hoehenrain.de\/go2\/index.php?rest_route=\/wp\/v2\/pages\/1035\/revisions\/1040"}],"up":[{"embeddable":true,"href":"http:\/\/www.sc-hoehenrain.de\/go2\/index.php?rest_route=\/wp\/v2\/pages\/59"}],"wp:attachment":[{"href":"http:\/\/www.sc-hoehenrain.de\/go2\/index.php?rest_route=%2Fwp%2Fv2%2Fmedia&parent=1035"}],"curies":[{"name":"wp","href":"https:\/\/api.w.org\/{rel}","templated":true}]}}