{"id":1701,"date":"2024-06-05T10:22:25","date_gmt":"2024-06-05T08:22:25","guid":{"rendered":"http:\/\/www.sc-hoehenrain.de\/go2\/?page_id=1701"},"modified":"2024-09-13T09:12:50","modified_gmt":"2024-09-13T07:12:50","slug":"praeventionskurse","status":"publish","type":"page","link":"http:\/\/www.sc-hoehenrain.de\/go2\/?page_id=1701","title":{"rendered":"Pr\u00e4ventionskurse"},"content":{"rendered":"\n<p class=\"has-large-font-size\"><strong>Pr\u00e4ventionskurse (Gesundheitskurse) und Kosten\u00fcbernahme durch die Krankenkasse<\/strong><\/p>\n\n\n\n<p>Entdecken Sie unsere Pr\u00e4ventionskurse, die Ihre Gesundheit f\u00f6rdern und Krankheiten vorbeugen. Die Kurse werden von Krankenkassen finanziell unterst\u00fctzt \u2013 informieren Sie sich jetzt \u00fcber Ihre M\u00f6glichkeiten!<\/p>\n\n\n\n<p><strong>Warum teilnehmen?<\/strong><\/p>\n\n\n\n<ul class=\"wp-block-list\">\n<li><strong>Gesundheitsf\u00f6rderung:<\/strong>\u00a0Verbessern Sie Ihre Fitness und st\u00e4rken Sie Ihr Wohlbefinden.<\/li>\n\n\n\n<li><strong>Kosten\u00fcbernahme:<\/strong>\u00a0Viele Krankenkassen \u00fcbernehmen bis zu 100% der Kurskosten.<\/li>\n\n\n\n<li><strong>Angebote:<\/strong>\u00a0Faszientraining und Funktionelles Krafttraining<\/li>\n<\/ul>\n\n\n\n<p>Profitieren Sie von qualifizierten Trainern und einem umfassenden Kursangebot f\u00fcr Ihre gesundheitliche Vorsorge.<\/p>\n\n\n\n<p><strong><a href=\"mailto:fitness@sc-hoehenrain.de\">Jetzt informieren und anmelden!<\/strong><\/a><\/p>\n\n\n<a href=\"http:\/\/sc-hoehenrain.de\/go2\/wp-content\/uploads\/fitness\/ZertifikatFazien.pdf\"><img loading=\"lazy\" decoding=\"async\" src=\"http:\/\/sc-hoehenrain.de\/go2\/wp-content\/uploads\/fitness\/ZertifikatFazien.png\" alt=\"Zertifikat\" height=\"210\" width=\"148\" \/><\/a>\n\n<a href=\"http:\/\/sc-hoehenrain.de\/go2\/wp-content\/uploads\/fitness\/ZertifikatKraft.pdf\"><img loading=\"lazy\" decoding=\"async\" src=\"http:\/\/sc-hoehenrain.de\/go2\/wp-content\/uploads\/fitness\/ZertifikatKraft.png\" alt=\"Zertifikat\" height=\"210\" width=\"148\" \/><\/a>\n\n<a href=\"http:\/\/sc-hoehenrain.de\/go2\/wp-content\/uploads\/fitness\/ZertifikatJumping4Kids.pdf\"><img loading=\"lazy\" decoding=\"async\" src=\"http:\/\/sc-hoehenrain.de\/go2\/wp-content\/uploads\/fitness\/ZertifikatJumping4Kids.png\" alt=\"Zertifikat\" height=\"210\" width=\"148\" \/><\/a>\n\n<a href=\"http:\/\/sc-hoehenrain.de\/go2\/wp-content\/uploads\/fitness\/ZertifikatPilates.pdf\"><img loading=\"lazy\" decoding=\"async\" src=\"http:\/\/sc-hoehenrain.de\/go2\/wp-content\/uploads\/fitness\/ZertifikatPilates.png\" alt=\"Zertifikat\" height=\"210\" width=\"148\" \/><\/a>\n","protected":false},"excerpt":{"rendered":"<p>Pr\u00e4ventionskurse (Gesundheitskurse) und Kosten\u00fcbernahme durch die Krankenkasse Entdecken Sie unsere Pr\u00e4ventionskurse, die Ihre Gesundheit f\u00f6rdern und Krankheiten vorbeugen. Die Kurse werden von Krankenkassen finanziell unterst\u00fctzt \u2013 informieren Sie sich jetzt \u00fcber Ihre M\u00f6glichkeiten! Warum teilnehmen? Profitieren Sie von qualifizierten Trainern und einem umfassenden Kursangebot f\u00fcr Ihre gesundheitliche Vorsorge. Jetzt informieren und anmelden!<\/p>\n","protected":false},"author":3,"featured_media":0,"parent":87,"menu_order":0,"comment_status":"closed","ping_status":"closed","template":"","meta":{"footnotes":""},"class_list":["post-1701","page","type-page","status-publish","hentry"],"_links":{"self":[{"href":"http:\/\/www.sc-hoehenrain.de\/go2\/index.php?rest_route=\/wp\/v2\/pages\/1701","targetHints":{"allow":["GET"]}}],"collection":[{"href":"http:\/\/www.sc-hoehenrain.de\/go2\/index.php?rest_route=\/wp\/v2\/pages"}],"about":[{"href":"http:\/\/www.sc-hoehenrain.de\/go2\/index.php?rest_route=\/wp\/v2\/types\/page"}],"author":[{"embeddable":true,"href":"http:\/\/www.sc-hoehenrain.de\/go2\/index.php?rest_route=\/wp\/v2\/users\/3"}],"replies":[{"embeddable":true,"href":"http:\/\/www.sc-hoehenrain.de\/go2\/index.php?rest_route=%2Fwp%2Fv2%2Fcomments&post=1701"}],"version-history":[{"count":8,"href":"http:\/\/www.sc-hoehenrain.de\/go2\/index.php?rest_route=\/wp\/v2\/pages\/1701\/revisions"}],"predecessor-version":[{"id":1865,"href":"http:\/\/www.sc-hoehenrain.de\/go2\/index.php?rest_route=\/wp\/v2\/pages\/1701\/revisions\/1865"}],"up":[{"embeddable":true,"href":"http:\/\/www.sc-hoehenrain.de\/go2\/index.php?rest_route=\/wp\/v2\/pages\/87"}],"wp:attachment":[{"href":"http:\/\/www.sc-hoehenrain.de\/go2\/index.php?rest_route=%2Fwp%2Fv2%2Fmedia&parent=1701"}],"curies":[{"name":"wp","href":"https:\/\/api.w.org\/{rel}","templated":true}]}}