{"id":172,"date":"2015-01-26T15:50:08","date_gmt":"2015-01-26T14:50:08","guid":{"rendered":"http:\/\/www.sc-hoehenrain.de\/go2\/?page_id=172"},"modified":"2023-10-15T17:36:29","modified_gmt":"2023-10-15T15:36:29","slug":"impressum","status":"publish","type":"page","link":"http:\/\/www.sc-hoehenrain.de\/go2\/?page_id=172","title":{"rendered":"Impressum"},"content":{"rendered":"<p><strong>Verantwortlich f\u00fcr Inhalte:<\/strong><br \/>\nSC H\u00f6henrain e.V.<br \/>\nStephan Stacheter (Vorsitzender des Vorstands)<br \/>\nDorfstr. 36a<br \/>\n83620 Gro\u00dfh\u00f6henrain<\/p>\n<p>fon: +49 174 3452847<br \/>\ne-Mail: info{at}sc-hoehenrain.de<br \/>\nInternet: <a href=\"http:\/\/www.sc-hoehenrain.de\/\/\">www.sc-hoehenrain.de<\/a><\/p>\n<p><strong>Rechnungsadresse:<br \/>\n<\/strong>SC H\u00f6henrain e.V.<br \/>\nSchlo\u00dfstra\u00dfe 7<br \/>\n83620 Gro\u00dfh\u00f6henrain<\/p>\n<p><strong>Gestaltung und Programmierung:<\/strong><br \/>\nSC H\u00f6henrain e.V.<br \/>\nMarkus Rannetsberger<br \/>\ne-Mail: webmaster{at}sc-hoehenrain.de<br \/>\nInternet: <a href=\"http:\/\/www.sc-hoehenrain.de\/\/\">www.sc-hoehenrain.de<\/a><\/p>\n<p><strong>Urheberrecht, Haftung, Verantwortung :<\/strong><br \/>\n<em>\u00a9 Alle Rechte vorbehalten. Insbesondere d\u00fcrfen Vervielf\u00e4ltigungen nur nach vorheriger schriftlicher Zustimmung des Anbieters erfolgen. F\u00fcr die Richtigkeit und Vollst\u00e4ndigkeit wird keine Gew\u00e4hr \u00fcbernommen. Dasselbe gilt f\u00fcr die Inhalte Dritter, die \u00fcber diese Seiten zug\u00e4nglich gemacht werden. In keinem Fall wird f\u00fcr Sch\u00e4den, die sich aus der Verwendung der abgerufenen Informationen oder dem Versenden von Informationen ergeben k\u00f6nnten, eine Haftung \u00fcbernommen.<\/em><\/p>\n<p><em>Wir distanzieren uns ausdr\u00fccklich von allen Inhalten aller fremden Internetseiten, die von Links unserer Internetseiten erreicht werden k\u00f6nnen. Die Links werden stichprobenartig gepr\u00fcft und sofort entfernt, wenn damit Seiten aufgerufen werden sollten, die z.B. gegen Gesetze oder die gute Sitten versto\u00dfen.<\/em><\/p>\n<p><em>Personen, die nicht damit einverstanden sind, dass Fotos auf denen sie abgebildet sind, auf unserer Homepage ver\u00f6ffentlicht werden, sollen dies bitte bei der Vorstandschaft melden.<\/em><\/p>\n<p><em>Die Fotos werden auf Wunsch gel\u00f6scht.<\/em><\/p>\n","protected":false},"excerpt":{"rendered":"<p>Verantwortlich f\u00fcr Inhalte: SC H\u00f6henrain e.V. Stephan Stacheter (Vorsitzender des Vorstands) Dorfstr. 36a 83620 Gro\u00dfh\u00f6henrain fon: +49 174 3452847 e-Mail: info{at}sc-hoehenrain.de Internet: www.sc-hoehenrain.de Rechnungsadresse: SC H\u00f6henrain e.V. Schlo\u00dfstra\u00dfe 7 83620 Gro\u00dfh\u00f6henrain Gestaltung und Programmierung: SC H\u00f6henrain e.V. Markus Rannetsberger e-Mail: webmaster{at}sc-hoehenrain.de Internet: www.sc-hoehenrain.de Urheberrecht, Haftung, Verantwortung : \u00a9 Alle Rechte vorbehalten. Insbesondere d\u00fcrfen Vervielf\u00e4ltigungen nur [&hellip;]<\/p>\n","protected":false},"author":1,"featured_media":0,"parent":4,"menu_order":0,"comment_status":"closed","ping_status":"closed","template":"","meta":{"footnotes":""},"class_list":["post-172","page","type-page","status-publish","hentry"],"_links":{"self":[{"href":"http:\/\/www.sc-hoehenrain.de\/go2\/index.php?rest_route=\/wp\/v2\/pages\/172","targetHints":{"allow":["GET"]}}],"collection":[{"href":"http:\/\/www.sc-hoehenrain.de\/go2\/index.php?rest_route=\/wp\/v2\/pages"}],"about":[{"href":"http:\/\/www.sc-hoehenrain.de\/go2\/index.php?rest_route=\/wp\/v2\/types\/page"}],"author":[{"embeddable":true,"href":"http:\/\/www.sc-hoehenrain.de\/go2\/index.php?rest_route=\/wp\/v2\/users\/1"}],"replies":[{"embeddable":true,"href":"http:\/\/www.sc-hoehenrain.de\/go2\/index.php?rest_route=%2Fwp%2Fv2%2Fcomments&post=172"}],"version-history":[{"count":4,"href":"http:\/\/www.sc-hoehenrain.de\/go2\/index.php?rest_route=\/wp\/v2\/pages\/172\/revisions"}],"predecessor-version":[{"id":1681,"href":"http:\/\/www.sc-hoehenrain.de\/go2\/index.php?rest_route=\/wp\/v2\/pages\/172\/revisions\/1681"}],"up":[{"embeddable":true,"href":"http:\/\/www.sc-hoehenrain.de\/go2\/index.php?rest_route=\/wp\/v2\/pages\/4"}],"wp:attachment":[{"href":"http:\/\/www.sc-hoehenrain.de\/go2\/index.php?rest_route=%2Fwp%2Fv2%2Fmedia&parent=172"}],"curies":[{"name":"wp","href":"https:\/\/api.w.org\/{rel}","templated":true}]}}