{"id":4,"date":"2014-09-26T13:16:42","date_gmt":"2014-09-26T11:16:42","guid":{"rendered":"http:\/\/www.sc-hoehenrain.de\/go2\/?page_id=4"},"modified":"2016-11-19T22:15:42","modified_gmt":"2016-11-19T21:15:42","slug":"verein","status":"publish","type":"page","link":"http:\/\/www.sc-hoehenrain.de\/go2\/?page_id=4","title":{"rendered":"Verein"},"content":{"rendered":"<p style=\"text-align: center;\"><img decoding=\"async\" src=\"http:\/\/www.sc-hoehenrain.de\/go2\/wp-content\/uploads\/SC-Hoehenrain_Logo_300x300.png\" alt=\"SC H\u00f6henrain\" \/><\/p>\n<p><strong>Kurzchronik SC H\u00f6henrain e.V.<\/strong><\/p>\n<p>Unser Verein wurde 1987 gegr\u00fcndet unter dem Gesichtspunkt:<br \/>\n<em>&#8222;Die Grundwerte des Sports, wie Pers\u00f6nlichkeitsentwicklung, Gemeinschaftsf\u00f6rderung, Freizeitgestaltung und Gesundheitsf\u00f6rderung sicherzustellen.&#8220;<\/em><\/p>\n<p style=\"text-align: left;\" align=\"center\">Die herausragende Qualit\u00e4t des Vereinssports liegt im verbindlichen Miteinander seiner Mitglieder und deren ehrenamtlichem Engagements f\u00fcr die Gemeinschaft. Was uns sehr am Herzen liegt, ist die <strong>Jugendf\u00f6rderung<\/strong>.<\/p>\n<p>In drei Sparten &#8211; <strong>Fu\u00dfball<\/strong>, <strong>Tennis<\/strong> und <strong>Fitness<\/strong> &#8211; wird dies in die Tat umgesetzt. Mit ca. 340 Mitgliedern, davon 110 Kinder und Jugendliche, sind wir ein wichtiges Bindeglied zwischen Elternhaus und Gesellschaft.<\/p>\n<p><em>&#8222;Sport ist Bewegungskultur&#8220;<\/em>.<\/p>\n<p><strong>Bisherige Vorst\u00e4nde:<\/strong><br \/>\nHubert Vollert, Martin Stahuber, Hans Veicht<\/p>\n<p><strong>Gr\u00fcndungsmitglieder laut Satzung vom 07.12.1987:<\/strong><br \/>\nFranz Thielmann, Christian Kaltner, Josef Vollert, Hubert Forstner, Georg Rottmayr, Marinus Marsili, Reinhold L\u00f6w, Georg Kurzan, Martin Ametsbichler, Hubert Vollert<\/p>\n<p>&nbsp;<\/p>\n<p style=\"text-align: center;\"><img decoding=\"async\" src=\"http:\/\/www.sc-hoehenrain.de\/go2\/wp-content\/uploads\/Sportheim.jpg\" alt=\"sportheim.jpg\" \/><\/p>\n","protected":false},"excerpt":{"rendered":"<p>Kurzchronik SC H\u00f6henrain e.V. Unser Verein wurde 1987 gegr\u00fcndet unter dem Gesichtspunkt: &#8222;Die Grundwerte des Sports, wie Pers\u00f6nlichkeitsentwicklung, Gemeinschaftsf\u00f6rderung, Freizeitgestaltung und Gesundheitsf\u00f6rderung sicherzustellen.&#8220; Die herausragende Qualit\u00e4t des Vereinssports liegt im verbindlichen Miteinander seiner Mitglieder und deren ehrenamtlichem Engagements f\u00fcr die Gemeinschaft. Was uns sehr am Herzen liegt, ist die Jugendf\u00f6rderung. In drei Sparten &#8211; Fu\u00dfball, [&hellip;]<\/p>\n","protected":false},"author":1,"featured_media":0,"parent":0,"menu_order":1,"comment_status":"closed","ping_status":"closed","template":"","meta":{"footnotes":""},"class_list":["post-4","page","type-page","status-publish","hentry"],"_links":{"self":[{"href":"http:\/\/www.sc-hoehenrain.de\/go2\/index.php?rest_route=\/wp\/v2\/pages\/4","targetHints":{"allow":["GET"]}}],"collection":[{"href":"http:\/\/www.sc-hoehenrain.de\/go2\/index.php?rest_route=\/wp\/v2\/pages"}],"about":[{"href":"http:\/\/www.sc-hoehenrain.de\/go2\/index.php?rest_route=\/wp\/v2\/types\/page"}],"author":[{"embeddable":true,"href":"http:\/\/www.sc-hoehenrain.de\/go2\/index.php?rest_route=\/wp\/v2\/users\/1"}],"replies":[{"embeddable":true,"href":"http:\/\/www.sc-hoehenrain.de\/go2\/index.php?rest_route=%2Fwp%2Fv2%2Fcomments&post=4"}],"version-history":[{"count":13,"href":"http:\/\/www.sc-hoehenrain.de\/go2\/index.php?rest_route=\/wp\/v2\/pages\/4\/revisions"}],"predecessor-version":[{"id":531,"href":"http:\/\/www.sc-hoehenrain.de\/go2\/index.php?rest_route=\/wp\/v2\/pages\/4\/revisions\/531"}],"wp:attachment":[{"href":"http:\/\/www.sc-hoehenrain.de\/go2\/index.php?rest_route=%2Fwp%2Fv2%2Fmedia&parent=4"}],"curies":[{"name":"wp","href":"https:\/\/api.w.org\/{rel}","templated":true}]}}