{"id":47,"date":"2014-10-14T18:04:27","date_gmt":"2014-10-14T16:04:27","guid":{"rendered":"http:\/\/www.sc-hoehenrain.de\/go2\/?page_id=47"},"modified":"2022-01-15T11:36:23","modified_gmt":"2022-01-15T10:36:23","slug":"beitraege","status":"publish","type":"page","link":"http:\/\/www.sc-hoehenrain.de\/go2\/?page_id=47","title":{"rendered":"Beitr\u00e4ge"},"content":{"rendered":"<p>Die Betr\u00e4ge gibt es ebenfalls auch als Download im Download-Center. Hier geht es zu den <a href=\"http:\/\/www.sc-hoehenrain.de\/go2\/?page_id=520\"> Downloads<\/a><\/p>\n<p>\n<table id=\"tablepress-9\" class=\"tablepress tablepress-id-9\">\n<thead>\n<tr class=\"row-1\">\n\t<th class=\"column-1\">Aufstellung aller Beitr\u00e4ge im Verein:<\/th><td class=\"column-2\"><\/td>\n<\/tr>\n<\/thead>\n<tbody class=\"row-striping row-hover\">\n<tr class=\"row-2\">\n\t<td class=\"column-1\"><\/td><td class=\"column-2\"><\/td>\n<\/tr>\n<tr class=\"row-3\">\n\t<td class=\"column-1\">Sport Clubbeitr\u00e4ge (j\u00e4hrlich):<\/td><td class=\"column-2\"><\/td>\n<\/tr>\n<tr class=\"row-4\">\n\t<td class=\"column-1\">Erwachsene<\/td><td class=\"column-2\">42,00 Euro<\/td>\n<\/tr>\n<tr class=\"row-5\">\n\t<td class=\"column-1\">Jugendliche<\/td><td class=\"column-2\">18,00 Euro<\/td>\n<\/tr>\n<tr class=\"row-6\">\n\t<td class=\"column-1\">Kinder bis 14 Jahre<\/td><td class=\"column-2\">9;00 Euro<\/td>\n<\/tr>\n<tr class=\"row-7\">\n\t<td class=\"column-1\"><\/td><td class=\"column-2\"><\/td>\n<\/tr>\n<tr class=\"row-8\">\n\t<td class=\"column-1\">Spartenbeitr\u00e4ge f\u00fcr Abteilung Fitness (j\u00e4hrlich): <\/td><td class=\"column-2\"><\/td>\n<\/tr>\n<tr class=\"row-9\">\n\t<td class=\"column-1\">Erwachsene<\/td><td class=\"column-2\">5,00 Euro<\/td>\n<\/tr>\n<tr class=\"row-10\">\n\t<td class=\"column-1\">Kinder<\/td><td class=\"column-2\">3,00 Euro<\/td>\n<\/tr>\n<tr class=\"row-11\">\n\t<td class=\"column-1\">Kursgeb\u00fchr lt. Angebot<\/td><td class=\"column-2\"><\/td>\n<\/tr>\n<tr class=\"row-12\">\n\t<td class=\"column-1\"><\/td><td class=\"column-2\"><\/td>\n<\/tr>\n<tr class=\"row-13\">\n\t<td class=\"column-1\">Spartenbeitr\u00e4ge f\u00fcr Abteilung Fu\u00dfball (j\u00e4hrlich):<\/td><td class=\"column-2\"><\/td>\n<\/tr>\n<tr class=\"row-14\">\n\t<td class=\"column-1\">Erwachsene<\/td><td class=\"column-2\">44,00 Euro<\/td>\n<\/tr>\n<tr class=\"row-15\">\n\t<td class=\"column-1\">Kinder und Jugendliche<\/td><td class=\"column-2\">32,00 Euro<\/td>\n<\/tr>\n<tr class=\"row-16\">\n\t<td class=\"column-1\">AH (Zusatzbeitrag)<\/td><td class=\"column-2\">20,00 Euro<\/td>\n<\/tr>\n<tr class=\"row-17\">\n\t<td class=\"column-1\"><\/td><td class=\"column-2\"><\/td>\n<\/tr>\n<tr class=\"row-18\">\n\t<td class=\"column-1\">Spartenbeitr\u00e4ge f\u00fcr Abteilung Tennis (j\u00e4hrlich):<\/td><td class=\"column-2\"><\/td>\n<\/tr>\n<tr class=\"row-19\">\n\t<td class=\"column-1\">Erwachsene ab 23 Jahre<\/td><td class=\"column-2\">85,00 Euro<\/td>\n<\/tr>\n<tr class=\"row-20\">\n\t<td class=\"column-1\">Jugendliche bis einschl. 22 Jahre<\/td><td class=\"column-2\">30,00 Euro<\/td>\n<\/tr>\n<tr class=\"row-21\">\n\t<td class=\"column-1\">Kinder bis 14 Jahre<\/td><td class=\"column-2\">10,00 Euro<\/td>\n<\/tr>\n<tr class=\"row-22\">\n\t<td class=\"column-1\">Ehepaar\/Familie (Kinder bis 14 Jahre frei)<\/td><td class=\"column-2\">120,00 Euro<\/td>\n<\/tr>\n<tr class=\"row-23\">\n\t<td class=\"column-1\">Elternteil, Alleinerziehend (Kinder bis 14 Jahre frei)<\/td><td class=\"column-2\">85,00 Euro<\/td>\n<\/tr>\n<tr class=\"row-24\">\n\t<td class=\"column-1\">Passivmitglied<\/td><td class=\"column-2\">15,00 Euro<\/td>\n<\/tr>\n<tr class=\"row-25\">\n\t<td class=\"column-1\"><\/td><td class=\"column-2\"><\/td>\n<\/tr>\n<tr class=\"row-26\">\n\t<td class=\"column-1\">Arbeitspauschale* f\u00fcr Abteilung Tennis (j\u00e4hrlich):<\/td><td class=\"column-2\">(\u00c4nderung ab 01.01.2022)<\/td>\n<\/tr>\n<tr class=\"row-27\">\n\t<td class=\"column-1\">Erwachsene<\/td><td class=\"column-2\">30,00 Euro<\/td>\n<\/tr>\n<tr class=\"row-28\">\n\t<td class=\"column-1\">Jugendliche 14 bis 18 Jahre<\/td><td class=\"column-2\">10,00 Euro<\/td>\n<\/tr>\n<\/tbody>\n<\/table>\n<!-- #tablepress-9 from cache --><br \/>\n*Die Arbeitspauschale kann durch Arbeitseinsatz (mind. 4 Stunden) bei diversen Eins\u00e4tzen abgeholt werden. Sie wird unabh\u00e4ngig von den Beitr\u00e4gen im Herbst abgebucht.<\/p>\n","protected":false},"excerpt":{"rendered":"<p>Die Betr\u00e4ge gibt es ebenfalls auch als Download im Download-Center. Hier geht es zu den Downloads *Die Arbeitspauschale kann durch Arbeitseinsatz (mind. 4 Stunden) bei diversen Eins\u00e4tzen abgeholt werden. Sie wird unabh\u00e4ngig von den Beitr\u00e4gen im Herbst abgebucht.<\/p>\n","protected":false},"author":1,"featured_media":0,"parent":4,"menu_order":0,"comment_status":"closed","ping_status":"closed","template":"","meta":{"footnotes":""},"class_list":["post-47","page","type-page","status-publish","hentry"],"_links":{"self":[{"href":"http:\/\/www.sc-hoehenrain.de\/go2\/index.php?rest_route=\/wp\/v2\/pages\/47","targetHints":{"allow":["GET"]}}],"collection":[{"href":"http:\/\/www.sc-hoehenrain.de\/go2\/index.php?rest_route=\/wp\/v2\/pages"}],"about":[{"href":"http:\/\/www.sc-hoehenrain.de\/go2\/index.php?rest_route=\/wp\/v2\/types\/page"}],"author":[{"embeddable":true,"href":"http:\/\/www.sc-hoehenrain.de\/go2\/index.php?rest_route=\/wp\/v2\/users\/1"}],"replies":[{"embeddable":true,"href":"http:\/\/www.sc-hoehenrain.de\/go2\/index.php?rest_route=%2Fwp%2Fv2%2Fcomments&post=47"}],"version-history":[{"count":6,"href":"http:\/\/www.sc-hoehenrain.de\/go2\/index.php?rest_route=\/wp\/v2\/pages\/47\/revisions"}],"predecessor-version":[{"id":1611,"href":"http:\/\/www.sc-hoehenrain.de\/go2\/index.php?rest_route=\/wp\/v2\/pages\/47\/revisions\/1611"}],"up":[{"embeddable":true,"href":"http:\/\/www.sc-hoehenrain.de\/go2\/index.php?rest_route=\/wp\/v2\/pages\/4"}],"wp:attachment":[{"href":"http:\/\/www.sc-hoehenrain.de\/go2\/index.php?rest_route=%2Fwp%2Fv2%2Fmedia&parent=47"}],"curies":[{"name":"wp","href":"https:\/\/api.w.org\/{rel}","templated":true}]}}