{"id":49,"date":"2014-10-14T18:04:56","date_gmt":"2014-10-14T16:04:56","guid":{"rendered":"http:\/\/www.sc-hoehenrain.de\/go2\/?page_id=49"},"modified":"2025-04-30T14:00:50","modified_gmt":"2025-04-30T12:00:50","slug":"vorstandschaft","status":"publish","type":"page","link":"http:\/\/www.sc-hoehenrain.de\/go2\/?page_id=49","title":{"rendered":"Vorstandschaft"},"content":{"rendered":"<table border=\"0\" width=\"574\">\n<tbody>\n<tr>\n<td><strong>1. Vorstand:<\/strong><\/td>\n<td><strong>Stephan Stacheter<\/strong><\/td>\n<td><\/td>\n<\/tr>\n<tr>\n<td>\n<p style=\"text-align: center;\"><img loading=\"lazy\" decoding=\"async\" src=\"http:\/\/www.sc-hoehenrain.de\/go2\/wp-content\/uploads\/passfotos\/stacheterS.jpg\" alt=\"stacheterS.jpg\" width=\"100\" height=\"135\" \/><\/p>\n<\/td>\n<td align=\"left\">Dorfstr. 36a<br \/>\n83620 Feldkirchen-Westerham<\/td>\n<td>+49 0174 3452847<br \/>\n<a href=\"mailto:s.stacheter@web.de\">E-Mail<\/a><\/td>\n<\/tr>\n<tr>\n<td><\/td>\n<td><\/td>\n<td><\/td>\n<\/tr>\n<tr>\n<td><strong>2. Vorstand:<\/strong><\/td>\n<td><strong>Stefan Messerer<\/strong><\/td>\n<td><\/td>\n<\/tr>\n<tr>\n<td>\n<p style=\"text-align: center;\"><img decoding=\"async\" src=\"http:\/\/www.sc-hoehenrain.de\/go2\/wp-content\/uploads\/passfotos\/messerer.thumbnail.jpg\" alt=\"messerer.jpg\" \/><\/p>\n<\/td>\n<td>Aschhofen 32<br \/>\n83620 Feldkirchen-Westerham<\/td>\n<td>+49 0173 5705484<br \/>\n<a href=\"mailto:steferermessan@web.de\">E-Mail<\/a><\/td>\n<\/tr>\n<tr>\n<td><\/td>\n<td><\/td>\n<td><\/td>\n<\/tr>\n<tr>\n<td><strong>Kassier:<\/strong><\/td>\n<td><strong>Leonhard Haager<\/strong><\/td>\n<td><\/td>\n<\/tr>\n<tr>\n<td>\n<p style=\"text-align: center;\"><img loading=\"lazy\" decoding=\"async\" src=\"http:\/\/www.sc-hoehenrain.de\/go2\/wp-content\/uploads\/passfotos\/leonhard_haager.thumbnail.JPG\" alt=\"leonhard_haager.JPG\" width=\"100\" height=\"135\" \/><\/p>\n<\/td>\n<td>Thal 8<br \/>\n83620 Gro\u00dfh\u00f6henrain<\/td>\n<td>+49 (0)8063 7079<br \/>\n+49 0170 3401387<br \/>\n<a href=\"mailto:kassier@sc-hoehenrain.de\" target=\"_blank\" rel=\"noopener noreferrer\"><br \/>\nE-Mail<\/a><\/td>\n<\/tr>\n<tr>\n<td><\/td>\n<td><\/td>\n<td><\/td>\n<\/tr>\n<tr>\n<td><strong>Schriftf\u00fchrerin:<\/strong><\/td>\n<td><strong>Vanessa Glowania<\/strong><\/td>\n<td><\/td>\n<\/tr>\n<tr>\n<td>\n<p style=\"text-align: center;\"><img loading=\"lazy\" decoding=\"async\" src=\"http:\/\/www.sc-hoehenrain.de\/go2\/wp-content\/uploads\/passfotos\/GlowaniaV.jpg\" alt=\"Vanessa Glowania\" width=\"100\" height=\"135\" \/><\/p>\n<\/td>\n<td>Zellweg 17<br \/>\n83620 Feldkirchen-Westerham<\/td>\n<td>\n+49 0171 9332378<\/td>\n<\/tr>\n<tr>\n<td><\/td>\n<td><\/td>\n<td><\/td>\n<\/tr>\n<tr>\n<td><strong>Fu\u00dfball 1. Spartenleiter<\/strong><\/td>\n<td><strong>Markus Veicht<\/strong><\/td>\n<td><\/td>\n<\/tr>\n<tr>\n<td>\n<p style=\"text-align: center;\"><img loading=\"lazy\" decoding=\"async\" src=\"http:\/\/www.sc-hoehenrain.de\/go2\/wp-content\/uploads\/passfotos\/MarkusVeicht.jpeg\" alt=\"Markus Veicht\" width=\"100\" height=\"135\" \/><\/p>\n<\/td>\n<td>Zellweg 2<br \/>\n83620 Gro\u00dfh\u00f6henrain<\/td>\n<td>+49 (0)8063 6411<br \/>\n+49 0151 67735592<br \/>\n<a href=\"mailto:markus_veicht@gmx.de\">E-Mail<\/a><\/td>\n<\/tr>\n<tr>\n<td><\/td>\n<td><\/td>\n<td><\/td>\n<\/tr>\n<tr>\n<td><strong>Fu\u00dfball 2. Spartenleiter<\/strong><\/td>\n<td><strong>Benno D\u00f6rnberger<\/strong><\/td>\n<td><\/td>\n<\/tr>\n<tr>\n<td>\n<p style=\"text-align: center;\"><img loading=\"lazy\" decoding=\"async\" src=\"http:\/\/www.sc-hoehenrain.de\/go2\/wp-content\/uploads\/passfotos\/dornbergerb.png\" width=\"100\" height=\"135\" \/><\/p>\n<\/td>\n<td>Thal 20a<br \/>\n83620 Gro\u00dfh\u00f6henrain<\/td>\n<td>+49 (0)8063 3485899<br \/>\n+49 0175 8018531<br \/>\n<a href=\"mailto:b.doernberger@online.de\" target=\"_blank\" rel=\"noopener noreferrer\">E-Mail<\/a><\/td>\n<\/tr>\n<tr>\n<td><\/td>\n<td><\/td>\n<td><\/td>\n<\/tr>\n<tr>\n<td><strong>Tennis<\/strong><\/td>\n<td><strong>Christiane D\u00f6rnberger<\/strong><\/td>\n<td><\/td>\n<\/tr>\n<tr>\n<td>\n<p style=\"text-align: center;\"><img loading=\"lazy\" decoding=\"async\" src=\"http:\/\/www.sc-hoehenrain.de\/go2\/wp-content\/uploads\/passfotos\/doernbergerc.jpg\" alt=\"Christiane D\u00f6rnberger\" width=\"100\" height=\"135\" \/><\/p>\n<\/td>\n<td>Thal 20a<br \/>\n83620 Gro\u00dfh\u00f6henrain<\/td>\n<td>+49 0171 6986194<br \/>\n<a href=\"mailto:tennis@sc-hoehenrain.de\" target=\"_blank\" rel=\"noopener noreferrer\">E-Mail<\/a><\/td>\n<\/tr>\n<tr>\n<td><\/td>\n<td><\/td>\n<td><\/td>\n<\/tr>\n<tr>\n<td><strong>Fitness<\/strong><\/td>\n<td><strong>Daniela Stahuber<\/strong><\/td>\n<td><\/td>\n<\/tr>\n<tr>\n<td align=\"center\"><img loading=\"lazy\" decoding=\"async\" src=\"http:\/\/www.sc-hoehenrain.de\/go2\/wp-content\/uploads\/passfotos\/stahuberd.jpg\" alt=\"daniela_stahuber.jpg\" width=\"100\" height=\"135\" \/><\/td>\n<td>Bergstrasse 11<br \/>\n83620 Gro\u00dfh\u00f6henrain<\/td>\n<td>+49 (0)8063 200363<br \/>\n+49 0172 1366666<br \/>\n<a href=\"mailto:daniela@stahuber.com\" target=\"_blank\" rel=\"noopener noreferrer\">E-Mail<\/a><\/td>\n<\/tr>\n<\/tbody>\n<\/table>\n","protected":false},"excerpt":{"rendered":"<p>1. Vorstand: Stephan Stacheter Dorfstr. 36a 83620 Feldkirchen-Westerham +49 0174 3452847 E-Mail 2. Vorstand: Stefan Messerer Aschhofen 32 83620 Feldkirchen-Westerham +49 0173 5705484 E-Mail Kassier: Leonhard Haager Thal 8 83620 Gro\u00dfh\u00f6henrain +49 (0)8063 7079 +49 0170 3401387 E-Mail Schriftf\u00fchrerin: Vanessa Glowania Zellweg 17 83620 Feldkirchen-Westerham +49 0171 9332378 Fu\u00dfball 1. Spartenleiter Markus Veicht Zellweg 2 [&hellip;]<\/p>\n","protected":false},"author":1,"featured_media":0,"parent":4,"menu_order":0,"comment_status":"closed","ping_status":"closed","template":"","meta":{"footnotes":""},"class_list":["post-49","page","type-page","status-publish","hentry"],"_links":{"self":[{"href":"http:\/\/www.sc-hoehenrain.de\/go2\/index.php?rest_route=\/wp\/v2\/pages\/49","targetHints":{"allow":["GET"]}}],"collection":[{"href":"http:\/\/www.sc-hoehenrain.de\/go2\/index.php?rest_route=\/wp\/v2\/pages"}],"about":[{"href":"http:\/\/www.sc-hoehenrain.de\/go2\/index.php?rest_route=\/wp\/v2\/types\/page"}],"author":[{"embeddable":true,"href":"http:\/\/www.sc-hoehenrain.de\/go2\/index.php?rest_route=\/wp\/v2\/users\/1"}],"replies":[{"embeddable":true,"href":"http:\/\/www.sc-hoehenrain.de\/go2\/index.php?rest_route=%2Fwp%2Fv2%2Fcomments&post=49"}],"version-history":[{"count":31,"href":"http:\/\/www.sc-hoehenrain.de\/go2\/index.php?rest_route=\/wp\/v2\/pages\/49\/revisions"}],"predecessor-version":[{"id":1924,"href":"http:\/\/www.sc-hoehenrain.de\/go2\/index.php?rest_route=\/wp\/v2\/pages\/49\/revisions\/1924"}],"up":[{"embeddable":true,"href":"http:\/\/www.sc-hoehenrain.de\/go2\/index.php?rest_route=\/wp\/v2\/pages\/4"}],"wp:attachment":[{"href":"http:\/\/www.sc-hoehenrain.de\/go2\/index.php?rest_route=%2Fwp%2Fv2%2Fmedia&parent=49"}],"curies":[{"name":"wp","href":"https:\/\/api.w.org\/{rel}","templated":true}]}}