{"id":59,"date":"2014-10-27T14:02:52","date_gmt":"2014-10-27T12:02:52","guid":{"rendered":"http:\/\/www.sc-hoehenrain.de\/go2\/?page_id=59"},"modified":"2025-09-22T10:07:50","modified_gmt":"2025-09-22T08:07:50","slug":"fussball","status":"publish","type":"page","link":"http:\/\/www.sc-hoehenrain.de\/go2\/?page_id=59","title":{"rendered":"Fussball"},"content":{"rendered":"<p>In Deutschland gilt die Altersklasseneinteilung des Deutschen Fu\u00dfball-Bundes.<br \/>\n(Quelle:<a href=\"https:\/\/de.wikipedia.org\/wiki\/Altersklasse_(Fu%C3%9Fball)\">https:\/\/de.wikipedia.org\/wiki\/Altersklasse_(Fu\u00dfball)<\/a><\/p>\n<p>Stichtag f\u00fcr die Einteilung in die Altersklassen ist der 1. Januar eines jeden Jahres. Das Spieljahr (Saison) beginnt jedes Jahr am 1. Juli und endet am 30. Juni im Jahr darauf.<\/p>\n<p>Die Fu\u00dfballjugend spielt in folgenden Altersklassen:<\/p>\n<p><strong>G-Junioren (Bambini\/U7):<\/strong> G-Junioren einer Spielzeit sind Spieler, die im Kalenderjahr, in dem das Spieljahr beginnt, noch nicht das 7. Lebensjahr vollenden oder vollendet haben. In der Saison\/Spieljahr 2025\/26 sind dies die Jahrg\u00e4nge 2019 bzw. 2020.<\/p>\n<p><strong>F-Junioren (U8\/U9):<\/strong> F-Junioren einer Spielzeit sind Spieler, die im Kalenderjahr, in dem das Spieljahr beginnt, das 7. oder das 8. Lebensjahr vollenden oder vollendet haben. In der Saison\/Spieljahr 2025\/26 sind dies die Jahrg\u00e4nge 2017 bzw. 2018.<\/p>\n<p><strong>E-Junioren (U10\/U11):<\/strong> E-Junioren einer Spielzeit sind Spieler, die im Kalenderjahr, in dem das Spieljahr beginnt, das 9. oder das 10. Lebensjahr vollenden oder vollendet haben. In der Saison\/Spieljahr 2025\/26 sind dies die Jahrg\u00e4nge 2015 bzw. 2016.<\/p>\n<p><strong>D-Junioren (U12\/U13):<\/strong> D-Junioren einer Spielzeit sind Spieler, die im Kalenderjahr, in dem das Spieljahr beginnt, das 11. oder das 12. Lebensjahr vollenden oder vollendet haben. In der Saison\/Spieljahr 2025\/26 sind dies die Jahrg\u00e4nge 2013 bzw. 2014.<\/p>\n<p><strong>C-Junioren (U14\/U15):<\/strong> C-Junioren einer Spielzeit sind Spieler, die im Kalenderjahr, in dem das Spieljahr beginnt, das 13. oder das 14. Lebensjahr vollenden oder vollendet haben. In der Saison\/Spieljahr 2025\/26 sind dies die Jahrg\u00e4nge 2011 bzw. 2012.<\/p>\n<p><strong>B-Junioren (U16\/U17):<\/strong> B-Junioren einer Spielzeit sind Spieler, die im Kalenderjahr, in dem das Spieljahr beginnt, das 15. oder das 16. Lebensjahr vollenden oder vollendet haben. In der Saison\/Spieljahr 2025\/26 sind dies die Jahrg\u00e4nge 2009 bzw. 2010.<\/p>\n<p><strong>A-Junioren (U18\/U19):<\/strong> A-Junioren einer Spielzeit sind Spieler, die im Kalenderjahr, in der das Spieljahr beginnt, das 17. oder das 18. Lebensjahr vollenden oder vollendet haben. In der Saison 2025\/26 sind dies die Jahrg\u00e4nge 2007 bzw. 2008.<\/p>\n<p>Im Bereich der B-Junioren und j\u00fcnger sind gemischte Staffeln (Jungen- und M\u00e4dchen-Mannschaften) zul\u00e4ssig. Wo die \u00f6rtlichen Verh\u00e4ltnisse es notwendig erscheinen lassen, k\u00f6nnen vom zust\u00e4ndigen Jugendausschuss Spielrunden mit Mannschaften zugelassen werden, in denen Spieler verschiedener Altersklassen mitspielen.<\/p>\n","protected":false},"excerpt":{"rendered":"<p>In Deutschland gilt die Altersklasseneinteilung des Deutschen Fu\u00dfball-Bundes. (Quelle:https:\/\/de.wikipedia.org\/wiki\/Altersklasse_(Fu\u00dfball) Stichtag f\u00fcr die Einteilung in die Altersklassen ist der 1. Januar eines jeden Jahres. Das Spieljahr (Saison) beginnt jedes Jahr am 1. Juli und endet am 30. Juni im Jahr darauf. Die Fu\u00dfballjugend spielt in folgenden Altersklassen: G-Junioren (Bambini\/U7): G-Junioren einer Spielzeit sind Spieler, die im [&hellip;]<\/p>\n","protected":false},"author":1,"featured_media":0,"parent":0,"menu_order":0,"comment_status":"closed","ping_status":"closed","template":"","meta":{"footnotes":""},"class_list":["post-59","page","type-page","status-publish","hentry"],"_links":{"self":[{"href":"http:\/\/www.sc-hoehenrain.de\/go2\/index.php?rest_route=\/wp\/v2\/pages\/59","targetHints":{"allow":["GET"]}}],"collection":[{"href":"http:\/\/www.sc-hoehenrain.de\/go2\/index.php?rest_route=\/wp\/v2\/pages"}],"about":[{"href":"http:\/\/www.sc-hoehenrain.de\/go2\/index.php?rest_route=\/wp\/v2\/types\/page"}],"author":[{"embeddable":true,"href":"http:\/\/www.sc-hoehenrain.de\/go2\/index.php?rest_route=\/wp\/v2\/users\/1"}],"replies":[{"embeddable":true,"href":"http:\/\/www.sc-hoehenrain.de\/go2\/index.php?rest_route=%2Fwp%2Fv2%2Fcomments&post=59"}],"version-history":[{"count":7,"href":"http:\/\/www.sc-hoehenrain.de\/go2\/index.php?rest_route=\/wp\/v2\/pages\/59\/revisions"}],"predecessor-version":[{"id":1986,"href":"http:\/\/www.sc-hoehenrain.de\/go2\/index.php?rest_route=\/wp\/v2\/pages\/59\/revisions\/1986"}],"wp:attachment":[{"href":"http:\/\/www.sc-hoehenrain.de\/go2\/index.php?rest_route=%2Fwp%2Fv2%2Fmedia&parent=59"}],"curies":[{"name":"wp","href":"https:\/\/api.w.org\/{rel}","templated":true}]}}