{"id":61,"date":"2014-10-27T14:03:15","date_gmt":"2014-10-27T12:03:15","guid":{"rendered":"http:\/\/www.sc-hoehenrain.de\/go2\/?page_id=61"},"modified":"2025-02-14T17:22:08","modified_gmt":"2025-02-14T16:22:08","slug":"spartenleitung","status":"publish","type":"page","link":"http:\/\/www.sc-hoehenrain.de\/go2\/?page_id=61","title":{"rendered":"Spartenleitung"},"content":{"rendered":"<table border=\"0\" width=\"568\">\n<tbody>\n<tr>\n<td>\n<table border=\"0\" width=\"574\">\n<tbody>\n<tr>\n<td><strong>1. Spartenleiter<\/strong><\/td>\n<td><strong>Markus Veicht<\/strong><\/td>\n<td><\/td>\n<\/tr>\n<tr>\n<td>\n<p style=\"text-align: center;\"><img loading=\"lazy\" decoding=\"async\" src=\"http:\/\/www.sc-hoehenrain.de\/go2\/wp-content\/uploads\/passfotos\/MarkusVeicht.jpeg\" alt=\"Markus Veicht\" width=\"100\" height=\"135\" \/><\/p>\n<\/td>\n<td>Zellweg 2<br \/>\n83620 Gro\u00dfh\u00f6henrain<\/td>\n<td>+49 (0)8065 9061996<br \/>\n+49 (0)151 67735592<br \/>\n<a href=\"mailto:markus_veicht@gmx.de\">E-Mail<\/a><\/td>\n<\/tr>\n<tr>\n<td><\/td>\n<td><\/td>\n<td><\/td>\n<\/tr>\n<tr>\n<td><strong>2. Spartenleiter<\/strong><\/td>\n<td><strong>Benno D\u00f6rnberger<\/strong><\/td>\n<td><\/td>\n<\/tr>\n<tr>\n<td>\n<p style=\"text-align: center;\"><img loading=\"lazy\" decoding=\"async\" src=\"http:\/\/www.sc-hoehenrain.de\/go2\/wp-content\/uploads\/passfotos\/dornbergerb.png\" width=\"100\" height=\"135\" \/><\/p>\n<\/td>\n<td>Thal 20a<br \/>\n83620 Gro\u00dfh\u00f6henrain<\/td>\n<td>+49 (0)8063 3485899<br \/>\n+49 (0)175 8018531<br \/>\n<a href=\"mailto:b.doernberger@online.de\" target=\"_blank\" rel=\"noopener\">E-Mail<\/a><\/td>\n<\/tr>\n<tr>\n<td><\/td>\n<td><\/td>\n<td><\/td>\n<\/tr>\n<tr>\n<td><strong>Jugendleiter<\/strong><\/td>\n<td><strong>Christian Zingerle<\/strong><\/td>\n<td><\/td>\n<\/tr>\n<tr>\n<td>\n<p style=\"text-align: center;\"><img loading=\"lazy\" decoding=\"async\" src=\"http:\/\/www.sc-hoehenrain.de\/go2\/wp-content\/uploads\/passfotos\/ComingSoon.png\" width=\"100\" height=\"135\" \/><\/p>\n<\/td>\n<td>\n83620 Aschhofen<\/td>\n<td>+49 (0)174 2095714<br \/>\n<a href=\"mailto:christian-zingerle@online.de\" target=\"_blank\" rel=\"noopener\">E-Mail<\/a><\/td>\n<\/tr>\n<tr>\n<td><\/td>\n<td><\/td>\n<td><\/td>\n<\/tr>\n<tr>\n<td><strong>Kassier<\/strong><\/td>\n<td><strong>Klaus Schmid<\/strong><\/td>\n<td><\/td>\n<\/tr>\n<tr>\n<td>\n<p style=\"text-align: center;\"><img loading=\"lazy\" decoding=\"async\" src=\"http:\/\/www.sc-hoehenrain.de\/go2\/wp-content\/uploads\/passfotos\/schmidn.jpg\" width=\"100\" height=\"135\" \/><\/p>\n<\/td>\n<td>Aschhofener Stra\u00dfe<br \/>\n83620 Gro\u00dfh\u00f6henrain<\/td>\n<td>+49 (0)162 7521255<\/td>\n<\/tr>\n<\/tbody>\n<\/table>\n<\/td>\n<\/tr>\n<\/tbody>\n<\/table>\n","protected":false},"excerpt":{"rendered":"<p>1. Spartenleiter Markus Veicht Zellweg 2 83620 Gro\u00dfh\u00f6henrain +49 (0)8065 9061996 +49 (0)151 67735592 E-Mail 2. Spartenleiter Benno D\u00f6rnberger Thal 20a 83620 Gro\u00dfh\u00f6henrain +49 (0)8063 3485899 +49 (0)175 8018531 E-Mail Jugendleiter Christian Zingerle 83620 Aschhofen +49 (0)174 2095714 E-Mail Kassier Klaus Schmid Aschhofener Stra\u00dfe 83620 Gro\u00dfh\u00f6henrain +49 (0)162 7521255<\/p>\n","protected":false},"author":1,"featured_media":0,"parent":59,"menu_order":0,"comment_status":"closed","ping_status":"closed","template":"","meta":{"footnotes":""},"class_list":["post-61","page","type-page","status-publish","hentry"],"_links":{"self":[{"href":"http:\/\/www.sc-hoehenrain.de\/go2\/index.php?rest_route=\/wp\/v2\/pages\/61","targetHints":{"allow":["GET"]}}],"collection":[{"href":"http:\/\/www.sc-hoehenrain.de\/go2\/index.php?rest_route=\/wp\/v2\/pages"}],"about":[{"href":"http:\/\/www.sc-hoehenrain.de\/go2\/index.php?rest_route=\/wp\/v2\/types\/page"}],"author":[{"embeddable":true,"href":"http:\/\/www.sc-hoehenrain.de\/go2\/index.php?rest_route=\/wp\/v2\/users\/1"}],"replies":[{"embeddable":true,"href":"http:\/\/www.sc-hoehenrain.de\/go2\/index.php?rest_route=%2Fwp%2Fv2%2Fcomments&post=61"}],"version-history":[{"count":11,"href":"http:\/\/www.sc-hoehenrain.de\/go2\/index.php?rest_route=\/wp\/v2\/pages\/61\/revisions"}],"predecessor-version":[{"id":1902,"href":"http:\/\/www.sc-hoehenrain.de\/go2\/index.php?rest_route=\/wp\/v2\/pages\/61\/revisions\/1902"}],"up":[{"embeddable":true,"href":"http:\/\/www.sc-hoehenrain.de\/go2\/index.php?rest_route=\/wp\/v2\/pages\/59"}],"wp:attachment":[{"href":"http:\/\/www.sc-hoehenrain.de\/go2\/index.php?rest_route=%2Fwp%2Fv2%2Fmedia&parent=61"}],"curies":[{"name":"wp","href":"https:\/\/api.w.org\/{rel}","templated":true}]}}