{"id":89,"date":"2014-10-27T14:20:07","date_gmt":"2014-10-27T13:20:07","guid":{"rendered":"http:\/\/www.sc-hoehenrain.de\/go2\/?page_id=89"},"modified":"2016-08-19T08:58:46","modified_gmt":"2016-08-19T06:58:46","slug":"spartenleitung","status":"publish","type":"page","link":"http:\/\/www.sc-hoehenrain.de\/go2\/?page_id=89","title":{"rendered":"Spartenleitung"},"content":{"rendered":"<table border=\"0\" width=\"568\">\n<tbody>\n<tr>\n<td>\n<table border=\"0\" width=\"574\">\n<tbody>\n<tr>\n<td><strong>Spartenleitung:<\/strong><\/td>\n<td><strong>Daniela Stahuber<\/strong><\/td>\n<td><\/td>\n<\/tr>\n<tr>\n<td>\n<p style=\"text-align: center;\"><img loading=\"lazy\" decoding=\"async\" src=\"http:\/\/www.sc-hoehenrain.de\/go2\/wp-content\/uploads\/passfotos\/stahuberd.jpg\" alt=\"Daniela Stahuber\" width=\"100\" height=\"135\" \/><\/p>\n<\/td>\n<td align=\"left\">Bergstra\u00dfe 11<br \/>\n83620 Gro\u00dfh\u00f6henrain<\/td>\n<td>+49 (0)08063 200363<br \/>\n+49 (0)172 1366666<br \/>\n<a href=\"mailto:fitness@sc-hoehenrain.de\">E-Mail<\/a><\/td>\n<\/tr>\n<tr>\n<td><\/td>\n<td><\/td>\n<td><\/td>\n<\/tr>\n<tr>\n<td><strong>Kassier:<\/strong><\/td>\n<td><strong>Claudia Lechner<\/strong><\/td>\n<td><\/td>\n<\/tr>\n<tr>\n<td>\n<p style=\"text-align: center;\"><img loading=\"lazy\" decoding=\"async\" src=\"http:\/\/www.sc-hoehenrain.de\/go2\/wp-content\/uploads\/passfotos\/claudialechner.jpg\" alt=\"Claudia Lechner\" width=\"100\" height=\"135\" \/><\/p>\n<\/td>\n<td>Kirchdorfer Str. 25<br \/>\n83620 Gro\u00dfh\u00f6henrain<\/td>\n<td>+49 (0)08063 206780<br \/>\n+49 (0)08063 8078-0<br \/>\n+49 (0)171 9583299<br \/>\n<a href=\"mailto:kassier.tennis@sc-hoehenrain.de\">E-Mail<\/a><\/td>\n<\/tr>\n<tr>\n<td><\/td>\n<td><\/td>\n<td><\/td>\n<\/tr>\n<\/tbody>\n<\/table>\n<\/td>\n<\/tr>\n<\/tbody>\n<\/table>\n","protected":false},"excerpt":{"rendered":"<p>Spartenleitung: Daniela Stahuber Bergstra\u00dfe 11 83620 Gro\u00dfh\u00f6henrain +49 (0)08063 200363 +49 (0)172 1366666 E-Mail Kassier: Claudia Lechner Kirchdorfer Str. 25 83620 Gro\u00dfh\u00f6henrain +49 (0)08063 206780 +49 (0)08063 8078-0 +49 (0)171 9583299 E-Mail<\/p>\n","protected":false},"author":4,"featured_media":0,"parent":87,"menu_order":0,"comment_status":"closed","ping_status":"closed","template":"","meta":{"footnotes":""},"class_list":["post-89","page","type-page","status-publish","hentry"],"_links":{"self":[{"href":"http:\/\/www.sc-hoehenrain.de\/go2\/index.php?rest_route=\/wp\/v2\/pages\/89","targetHints":{"allow":["GET"]}}],"collection":[{"href":"http:\/\/www.sc-hoehenrain.de\/go2\/index.php?rest_route=\/wp\/v2\/pages"}],"about":[{"href":"http:\/\/www.sc-hoehenrain.de\/go2\/index.php?rest_route=\/wp\/v2\/types\/page"}],"author":[{"embeddable":true,"href":"http:\/\/www.sc-hoehenrain.de\/go2\/index.php?rest_route=\/wp\/v2\/users\/4"}],"replies":[{"embeddable":true,"href":"http:\/\/www.sc-hoehenrain.de\/go2\/index.php?rest_route=%2Fwp%2Fv2%2Fcomments&post=89"}],"version-history":[{"count":4,"href":"http:\/\/www.sc-hoehenrain.de\/go2\/index.php?rest_route=\/wp\/v2\/pages\/89\/revisions"}],"predecessor-version":[{"id":461,"href":"http:\/\/www.sc-hoehenrain.de\/go2\/index.php?rest_route=\/wp\/v2\/pages\/89\/revisions\/461"}],"up":[{"embeddable":true,"href":"http:\/\/www.sc-hoehenrain.de\/go2\/index.php?rest_route=\/wp\/v2\/pages\/87"}],"wp:attachment":[{"href":"http:\/\/www.sc-hoehenrain.de\/go2\/index.php?rest_route=%2Fwp%2Fv2%2Fmedia&parent=89"}],"curies":[{"name":"wp","href":"https:\/\/api.w.org\/{rel}","templated":true}]}}